{"id":20,"date":"2010-09-12T16:01:03","date_gmt":"2010-09-12T16:01:03","guid":{"rendered":"https:\/\/mimesis.fr\/?page_id=20"},"modified":"2010-09-12T18:37:46","modified_gmt":"2010-09-12T18:37:46","slug":"nos-convictions","status":"publish","type":"page","link":"https:\/\/mimesis.fr\/?page_id=20","title":{"rendered":"Convictions"},"content":{"rendered":"<p><strong><a href=\"https:\/\/mimesis.fr\/wp-content\/uploads\/2010\/09\/i1.jpg\"><img loading=\"lazy\" decoding=\"async\" class=\"alignleft size-thumbnail wp-image-71\" title=\"i1\" src=\"https:\/\/mimesis.fr\/wp-content\/uploads\/2010\/09\/i1-116x150.jpg\" alt=\"\" width=\"116\" height=\"150\" \/><\/a>1 &#8211; Nous ne nous contentons pas de mener des investigations uniquement aupr\u00e8s des consommateurs mais aussi aupr\u00e8s des collaborateurs de l\u2019entreprise, experts (sociologues, techniciens), circuits de distribution pour mieux appr\u00e9cier les \u00e9l\u00e9ments qui impactent l\u2019entreprise et les marques et leurs potentialit\u00e9s d\u2019\u00e9volution dans un environnement global<\/strong><\/p>\n<p><strong>2 &#8211; les \u00ab\u00a0focus groups\u00a0\u00bb traditionnels sont insuffisants face \u00e0 la complexit\u00e9 des probl\u00e9matiques auxquelles les marques ont \u00e0 faire face.<\/strong><br \/>\nLa compr\u00e9hension approfondie des consommateurs en tant qu\u2019individus est fondamentale. C\u2019est pourquoi nous pr\u00e9conisons souvent de mettre en \u0153uvre la m\u00e9thode d\u00e9velopp\u00e9e dans le cadre de la Sociologie Clinique et plus particuli\u00e8rement une approche de type <strong>\u00ab\u00a0r\u00e9cit de vie et trajectoire sociale\u00a0\u00bb<\/strong>qui pr\u00e9sente un int\u00e9r\u00eat fondamental dans sa capacit\u00e9 \u00e0 articuler exp\u00e9riences personnelles et processus collectifs.<\/p>\n<p>L\u2019une des caract\u00e9ristiques de ces approches est bien cette articulation entre<strong> le psychique et le social.<\/strong> Les faits sociaux sont des faits humains avec n\u00e9cessairement des processus psychiques. Les dimensions sociales et psychiques s\u2019interp\u00e9n\u00e8trent.<\/p>\n","protected":false},"excerpt":{"rendered":"<p>1 &#8211; Nous ne nous contentons pas de mener des investigations uniquement aupr\u00e8s des consommateurs mais aussi aupr\u00e8s des collaborateurs de l\u2019entreprise, experts (sociologues, techniciens), circuits de distribution pour mieux appr\u00e9cier les \u00e9l\u00e9ments qui impactent l\u2019entreprise et les marques et leurs potentialit\u00e9s d\u2019\u00e9volution dans un environnement global 2 &#8211; les \u00ab\u00a0focus groups\u00a0\u00bb traditionnels sont insuffisants &hellip; <\/p>\n<p><a class=\"more-link btn\" href=\"https:\/\/mimesis.fr\/?page_id=20\">Lire la suite<\/a><\/p>\n","protected":false},"author":1,"featured_media":0,"parent":0,"menu_order":0,"comment_status":"closed","ping_status":"open","template":"","meta":{"footnotes":""},"class_list":["post-20","page","type-page","status-publish","hentry","nodate","item-wrap"],"_links":{"self":[{"href":"https:\/\/mimesis.fr\/index.php?rest_route=\/wp\/v2\/pages\/20"}],"collection":[{"href":"https:\/\/mimesis.fr\/index.php?rest_route=\/wp\/v2\/pages"}],"about":[{"href":"https:\/\/mimesis.fr\/index.php?rest_route=\/wp\/v2\/types\/page"}],"author":[{"embeddable":true,"href":"https:\/\/mimesis.fr\/index.php?rest_route=\/wp\/v2\/users\/1"}],"replies":[{"embeddable":true,"href":"https:\/\/mimesis.fr\/index.php?rest_route=%2Fwp%2Fv2%2Fcomments&post=20"}],"version-history":[{"count":5,"href":"https:\/\/mimesis.fr\/index.php?rest_route=\/wp\/v2\/pages\/20\/revisions"}],"predecessor-version":[{"id":87,"href":"https:\/\/mimesis.fr\/index.php?rest_route=\/wp\/v2\/pages\/20\/revisions\/87"}],"wp:attachment":[{"href":"https:\/\/mimesis.fr\/index.php?rest_route=%2Fwp%2Fv2%2Fmedia&parent=20"}],"curies":[{"name":"wp","href":"https:\/\/api.w.org\/{rel}","templated":true}]}}