{"id":60,"date":"2010-09-12T16:31:17","date_gmt":"2010-09-12T16:31:17","guid":{"rendered":"https:\/\/mimesis.fr\/?page_id=60"},"modified":"2010-11-09T16:58:26","modified_gmt":"2010-11-09T16:58:26","slug":"bio","status":"publish","type":"page","link":"https:\/\/mimesis.fr\/?page_id=60","title":{"rendered":"Biographie"},"content":{"rendered":"<h3><span style=\"color: #888888;\">Questions et r\u00e9ponses \u00e0 Josette Hal\u00e9goi<br \/>\n<\/span><\/h3>\n<p><a href=\"https:\/\/mimesis.fr\/wp-content\/uploads\/2010\/09\/Image-3.png\"><img loading=\"lazy\" decoding=\"async\" class=\"alignleft size-full wp-image-61\" title=\"Image 3\" src=\"https:\/\/mimesis.fr\/wp-content\/uploads\/2010\/09\/Image-3.png\" alt=\"\" width=\"222\" height=\"325\" srcset=\"https:\/\/mimesis.fr\/wp-content\/uploads\/2010\/09\/Image-3.png 427w, https:\/\/mimesis.fr\/wp-content\/uploads\/2010\/09\/Image-3-204x300.png 204w\" sizes=\"(max-width: 222px) 100vw, 222px\" \/><\/a><strong>QUESTION :<\/strong> Pouvez-vous nous parler de votre exp\u00e9rience ?<br \/>\n<strong>REPONSE :<\/strong> j\u2019ai 30 ans d\u2019exp\u00e9rience en tant que consultante en entreprise.<br \/>\n&#8211; J\u2019ai commenc\u00e9 comme animatrice de cr\u00e9ativit\u00e9 (recherche d\u2019id\u00e9es, de noms, brain storming, formation)<br \/>\n&#8211; Ensuite, j\u2019ai \u00e9t\u00e9 animatrice de groupes de consommateurs dans le cadre d\u2019\u00e9tudes qualitatives<br \/>\n&#8211; Puis, en tant que psychosociologue, j\u2019ai r\u00e9alis\u00e9 les analyses des entretiens et groupes et l\u2019\u00e9laboration des recommandations strat\u00e9giques.<br \/>\n&#8211; A partir des ann\u00e9es 90, j\u2019ai d\u00e9velopp\u00e9 une m\u00e9thode sur l\u2019identit\u00e9 des marques et des entreprises, en r\u00e9alisant des investigations aupr\u00e8s des employ\u00e9s et des cadres des entreprises pour comprendre mieux l\u2019origine des marques et d\u00e9velopper des strat\u00e9gies de marque qui prennent en compte son histoire pour d\u00e9velopper sa trajectoire.<br \/>\n&#8211; dans les ann\u00e9es 95, j\u2019ai d\u00e9velopp\u00e9 une m\u00e9thode d\u2019intervention dans les entreprises en processus de transformation, notamment pour les entreprises en train de fusionner pour aider les dirigeants \u00e0 comprendre mieux la culture des entreprises fusionn\u00e9es, les personnages embl\u00e9matiques, les \u00e9v\u00e8nements cl\u00e9s, les traumatismes, etc. Cette m\u00e9thode a eu beaucoup de succ\u00e8s dans de nombreuses parties du monde, notamment Argentine, Mexique, France, Espagne, Italie.<br \/>\n&#8211; Dans les ann\u00e9es 2000, j\u2019ai donn\u00e9 encore plus d\u2019amplitude aux m\u00e9thodologies de marques, en d\u00e9veloppant de nouvelles approches \u00e0 partir de l\u2019ADN des marques; Pendant cette p\u00e9riode, j\u2019ai commenc\u00e9 une formation en psychog\u00e9n\u00e9alogie et transg\u00e9n\u00e9rationnel, que j\u2019applique lors de mes investigations aupr\u00e8s des entreprises et des marques.<br \/>\n&#8211; Au cours des ann\u00e9es r\u00e9centes, je me suis form\u00e9e en sociologie clinique et j\u2019ai implant\u00e9 cette approche th\u00e9orique-pratique dans le cadre du marketing et des entreprises.<br \/>\n&#8211; Aujourd\u2019hui, ma mani\u00e8re de travailler est la conjonction et le r\u00e9sultat de toutes ces ann\u00e9es d\u2019exp\u00e9rience. Il s\u2019agit de m\u00e9thodologies qui se sont int\u00e9gr\u00e9es successivement, jusqu\u2019\u00e0 d\u00e9velopper l\u2019approche int\u00e9grative qui est d\u00e9sormais la mienne.<\/p>\n<p><strong>QUESTION :<\/strong> votre trajectoire? Les d\u00e9fis et les entreprises qui ont marqu\u00e9 votre trajectoire<br \/>\n<strong>REPONSE :<\/strong> C\u2019est une trajectoire de chercheuse. J\u2019ai toujours cherch\u00e9 \u00e0 comprendre mieux les consommateurs, les entreprises, les individus en situation personnelle ou de travail, les probl\u00e9matiques de notre soci\u00e9t\u00e9. J\u2019ai eu la chance de rencontrer des personnes fantastiques qui ont marqu\u00e9 ma trajectoire. Frederique Madri\u00e8res de Nestl\u00e9 dans les ann\u00e9es 80, , Philippe-Lo\u00eec Jacob de Danone dans les ann\u00e9es 90,\u00a0 Mabel Meschiany et Marie-Paule Jonathan, Psychoth\u00e9rapeutes transg\u00e9n\u00e9rationnelles, Vincent de Gaulejac, Sociologue Clinicien dans les ann\u00e9es 2000.<\/p>\n<p><strong>QUESTION :<\/strong> Que pouvez vous dire \u00e0 propos de vous ?<br \/>\n<strong>REPONSE :<\/strong> Je suis une femme curieuse. J\u2019ai toujours investigu\u00e9, cherch\u00e9, dans l\u2019intention de trouver les interpr\u00e9tations les plus pertinentes et subtiles sur chacun des th\u00e8mes sur lesquels je suis intervenue. Quand j\u2019ai commenc\u00e9 ma carri\u00e8re de chercheuse en \u00e9tudes de march\u00e9, je me suis rendue compte que beaucoup de mes coll\u00e8gues disaient souvent la m\u00eame chose, utilisant une grille d\u2019analyse sans se pr\u00e9occuper de ce que les interview\u00e9s exprimaient. J\u2019ai pris alors un engagement avec moi m\u00eame, celui de ne jamais r\u00e9p\u00e9ter la m\u00eame chose deux fois, parce que les choses et les situations ne sont jamais identiques. De plus, je profite de chaque recherche pour apprendre. Aujourd\u2019hui, apr\u00e8s toutes ces ann\u00e9es, j\u2019ai d\u00e9velopp\u00e9 de nombreux savoirs mais je continue la m\u00eame ligne. Pour cette raison, je suis toujours en train d\u2019apprendre, je suis toujours en train de d\u00e9velopper de nouvelles m\u00e9thodologies, d\u2019inventer de nouvelles approches en fonction des probl\u00e9matiques et des n\u00e9cessit\u00e9s des clients.<\/p>\n<p><strong>QUESTION :<\/strong> vos succ\u00e8s les plus importants de votre carri\u00e8re professionnelle<br \/>\n<strong>REPONSE :<\/strong> Bonafont \u00e0 M\u00e9xico. J\u2019ai travaill\u00e9 pour cette marque d\u2019eau min\u00e9rale de 1998 jusqu\u2019\u00e0 2009 pour les bouteilles et les grands conditionnements de 20 litres. Aujourd\u2019hui, Bonafont est leader \u00e0 Mexico et a le plus grand d\u00e9veloppement de marque dans le monde. C\u2019est aujourd\u2019hui le mod\u00e8le de d\u00e9veloppement d\u2019eau et de boissons sur les 5 continents pour le groupe Danone (lancements en Chine et au Br\u00e9sil en 2009)<\/p>\n<p>La Fran\u00e7aise des Jeux en France. Pour cette marque, j\u2019ai fait une investigation utilisant les m\u00e9thodes de sociologie clinique qui a permis de changer les repr\u00e9sentations sur cette cible. J\u2019ai fait une pr\u00e9sentation de ma recherche devant le S\u00e9nat le 15 janvier 2010. j\u2019ai co-\u00e9crit un livre \u00ab\u00a0une vie de zinc, le bar, ce lien social qui nous unit\u00a0\u00bb qui est sorti le 15 septembre 2010.<\/p>\n<p>La Seren\u00edsima en Argentine. Ma recommandation apr\u00e8s l\u2019achat d\u2019une partie de cette entreprise par le Groupe Danone a \u00e9t\u00e9 de ne pas remplacer cette marque embl\u00e9matique par celle de Danone.\u00a0 Je travaille pour cette marque depuis 1997 Aujourd\u2019hui, le succ\u00e8s de la Seren\u00edsima est exceptionnel (plus de 70 % de part de march\u00e9, une image impressionnante de qualit\u00e9 et d\u2019innovation, la marque qui accompagne les argentins dans le domaine de la sant\u00e9\u2026).<\/p>\n","protected":false},"excerpt":{"rendered":"<p>Questions et r\u00e9ponses \u00e0 Josette Hal\u00e9goi QUESTION : Pouvez-vous nous parler de votre exp\u00e9rience ? REPONSE : j\u2019ai 30 ans d\u2019exp\u00e9rience en tant que consultante en entreprise. &#8211; J\u2019ai commenc\u00e9 comme animatrice de cr\u00e9ativit\u00e9 (recherche d\u2019id\u00e9es, de noms, brain storming, formation) &#8211; Ensuite, j\u2019ai \u00e9t\u00e9 animatrice de groupes de consommateurs dans le cadre d\u2019\u00e9tudes qualitatives &hellip; <\/p>\n<p><a class=\"more-link btn\" href=\"https:\/\/mimesis.fr\/?page_id=60\">Lire la suite<\/a><\/p>\n","protected":false},"author":1,"featured_media":0,"parent":0,"menu_order":0,"comment_status":"closed","ping_status":"closed","template":"","meta":{"footnotes":""},"class_list":["post-60","page","type-page","status-publish","hentry","nodate","item-wrap"],"_links":{"self":[{"href":"https:\/\/mimesis.fr\/index.php?rest_route=\/wp\/v2\/pages\/60"}],"collection":[{"href":"https:\/\/mimesis.fr\/index.php?rest_route=\/wp\/v2\/pages"}],"about":[{"href":"https:\/\/mimesis.fr\/index.php?rest_route=\/wp\/v2\/types\/page"}],"author":[{"embeddable":true,"href":"https:\/\/mimesis.fr\/index.php?rest_route=\/wp\/v2\/users\/1"}],"replies":[{"embeddable":true,"href":"https:\/\/mimesis.fr\/index.php?rest_route=%2Fwp%2Fv2%2Fcomments&post=60"}],"version-history":[{"count":7,"href":"https:\/\/mimesis.fr\/index.php?rest_route=\/wp\/v2\/pages\/60\/revisions"}],"predecessor-version":[{"id":63,"href":"https:\/\/mimesis.fr\/index.php?rest_route=\/wp\/v2\/pages\/60\/revisions\/63"}],"wp:attachment":[{"href":"https:\/\/mimesis.fr\/index.php?rest_route=%2Fwp%2Fv2%2Fmedia&parent=60"}],"curies":[{"name":"wp","href":"https:\/\/api.w.org\/{rel}","templated":true}]}}